{"id":2950,"date":"2026-01-23T14:49:09","date_gmt":"2026-01-23T06:49:09","guid":{"rendered":"http:\/\/www.merrypal.cn\/?post_type=product&#038;p=2950"},"modified":"2026-01-23T14:49:09","modified_gmt":"2026-01-23T06:49:09","slug":"machining-parts-manufactured-in-china","status":"publish","type":"product","link":"https:\/\/www.merrypal.cn\/es\/producto\/machining-parts-manufactured-in-china\/","title":{"rendered":"Piezas de mecanizado Fabricadas en China"},"content":{"rendered":"<p>Mechanical parts are composed of multiple interconnected surfaces. To analyze the relative positional relationships between these part surfaces, establishing a precise reference system is essential.<\/p>\n<p>Fabricantes fiables de productos de moldeo por inyecci\u00f3n que ofrecen procesamiento personalizado de piezas no est\u00e1ndar y<br \/>\nsoluciones de fabricaci\u00f3n de piezas de moldeo por inyecci\u00f3n de precisi\u00f3n de alta calidad para automoci\u00f3n, electr\u00f3nica y<br \/>\nindustrias m\u00e9dicas.<\/p>\n<p>Presentaci\u00f3n del producto<br \/>\nMechanical parts are composed of multiple interconnected surfaces. To study the relative positional relationships between these surfaces, establishing a dedicated reference is essential. A reference refers to the specific points, lines, or surfaces used to define the positions of other geometric features on a mechanical part; it is categorized into design references and process references based on its functional purposes. With the rapid advancement of modern machining technology, a growing number of advanced machining techniques have emerged, further enhancing the precision of mechanical part manufacturing.<\/p>","protected":false},"excerpt":{"rendered":"<p>Mechanical parts are composed of multiple interconnected surfaces. To analyze the relative positional relationships between these part surfaces,&#8230;<\/p>","protected":false},"featured_media":2951,"comment_status":"open","ping_status":"closed","template":"","meta":[],"product_brand":[],"product_cat":[15],"product_tag":[],"class_list":{"0":"post-2950","1":"product","2":"type-product","3":"status-publish","4":"has-post-thumbnail","6":"product_cat-injection-molding-products","8":"first","9":"instock","10":"shipping-taxable","11":"purchasable","12":"product-type-simple"},"_links":{"self":[{"href":"https:\/\/www.merrypal.cn\/es\/wp-json\/wp\/v2\/product\/2950","targetHints":{"allow":["GET"]}}],"collection":[{"href":"https:\/\/www.merrypal.cn\/es\/wp-json\/wp\/v2\/product"}],"about":[{"href":"https:\/\/www.merrypal.cn\/es\/wp-json\/wp\/v2\/types\/product"}],"replies":[{"embeddable":true,"href":"https:\/\/www.merrypal.cn\/es\/wp-json\/wp\/v2\/comments?post=2950"}],"wp:featuredmedia":[{"embeddable":true,"href":"https:\/\/www.merrypal.cn\/es\/wp-json\/wp\/v2\/media\/2951"}],"wp:attachment":[{"href":"https:\/\/www.merrypal.cn\/es\/wp-json\/wp\/v2\/media?parent=2950"}],"wp:term":[{"taxonomy":"product_brand","embeddable":true,"href":"https:\/\/www.merrypal.cn\/es\/wp-json\/wp\/v2\/product_brand?post=2950"},{"taxonomy":"product_cat","embeddable":true,"href":"https:\/\/www.merrypal.cn\/es\/wp-json\/wp\/v2\/product_cat?post=2950"},{"taxonomy":"product_tag","embeddable":true,"href":"https:\/\/www.merrypal.cn\/es\/wp-json\/wp\/v2\/product_tag?post=2950"}],"curies":[{"name":"wp","href":"https:\/\/api.w.org\/{rel}","templated":true}]}}