{"id":2953,"date":"2026-01-23T14:49:52","date_gmt":"2026-01-23T06:49:52","guid":{"rendered":"http:\/\/www.merrypal.cn\/?post_type=product&#038;p=2953"},"modified":"2026-01-23T14:49:52","modified_gmt":"2026-01-23T06:49:52","slug":"rubber-products-manufactured-in-china","status":"publish","type":"product","link":"https:\/\/www.merrypal.cn\/es\/producto\/rubber-products-manufactured-in-china\/","title":{"rendered":"Productos de caucho Fabricados en China"},"content":{"rendered":"<p>Los productos de caucho hacen referencia a una amplia gama de art\u00edculos manufacturados fabricados a partir de caucho natural y sint\u00e9tico como materias primas primarias, destinados a diversas aplicaciones en los sectores de la automoci\u00f3n, la industria y el uso cotidiano.<\/p>\n<p>Fabricantes fiables de productos de moldeo por inyecci\u00f3n que ofrecen procesamiento personalizado de piezas no est\u00e1ndar y<br \/>\nsoluciones de fabricaci\u00f3n de piezas de moldeo por inyecci\u00f3n de precisi\u00f3n de alta calidad para automoci\u00f3n, electr\u00f3nica y<br \/>\nindustrias m\u00e9dicas.<\/p>\n<p>Presentaci\u00f3n del producto<br \/>\nEl caucho se clasifica como elast\u00f3mero termopl\u00e1stico, mientras que el pl\u00e1stico pertenece a la categor\u00eda de materiales termopl\u00e1sticos. El intervalo de temperatura necesario para el moldeo y el curado del caucho var\u00eda significativamente en funci\u00f3n del tipo de agente vulcanizante utilizado, y puede incluso verse afectado por los cambios clim\u00e1ticos y los niveles de humedad interior. Por este motivo, las condiciones de producci\u00f3n de los productos de caucho deben ajustarse din\u00e1micamente; de lo contrario, la calidad del producto puede ser desigual, lo que afecta directamente al rendimiento y la fiabilidad.<\/p>","protected":false},"excerpt":{"rendered":"<p>Rubber products refer to a wide range of manufactured items made from natural and synthetic rubber as primary&#8230;<\/p>","protected":false},"featured_media":2954,"comment_status":"open","ping_status":"closed","template":"","meta":[],"product_brand":[],"product_cat":[15],"product_tag":[],"class_list":{"0":"post-2953","1":"product","2":"type-product","3":"status-publish","4":"has-post-thumbnail","6":"product_cat-injection-molding-products","8":"first","9":"instock","10":"shipping-taxable","11":"purchasable","12":"product-type-simple"},"_links":{"self":[{"href":"https:\/\/www.merrypal.cn\/es\/wp-json\/wp\/v2\/product\/2953","targetHints":{"allow":["GET"]}}],"collection":[{"href":"https:\/\/www.merrypal.cn\/es\/wp-json\/wp\/v2\/product"}],"about":[{"href":"https:\/\/www.merrypal.cn\/es\/wp-json\/wp\/v2\/types\/product"}],"replies":[{"embeddable":true,"href":"https:\/\/www.merrypal.cn\/es\/wp-json\/wp\/v2\/comments?post=2953"}],"wp:featuredmedia":[{"embeddable":true,"href":"https:\/\/www.merrypal.cn\/es\/wp-json\/wp\/v2\/media\/2954"}],"wp:attachment":[{"href":"https:\/\/www.merrypal.cn\/es\/wp-json\/wp\/v2\/media?parent=2953"}],"wp:term":[{"taxonomy":"product_brand","embeddable":true,"href":"https:\/\/www.merrypal.cn\/es\/wp-json\/wp\/v2\/product_brand?post=2953"},{"taxonomy":"product_cat","embeddable":true,"href":"https:\/\/www.merrypal.cn\/es\/wp-json\/wp\/v2\/product_cat?post=2953"},{"taxonomy":"product_tag","embeddable":true,"href":"https:\/\/www.merrypal.cn\/es\/wp-json\/wp\/v2\/product_tag?post=2953"}],"curies":[{"name":"wp","href":"https:\/\/api.w.org\/{rel}","templated":true}]}}